{"id":144,"date":"2020-01-01T12:48:33","date_gmt":"2020-01-01T12:48:33","guid":{"rendered":"http:\/\/localhost\/demo\/payment-success\/"},"modified":"2020-01-01T12:48:33","modified_gmt":"2020-01-01T12:48:33","slug":"payment-success","status":"publish","type":"page","link":"https:\/\/autisme-professionnels-tunisie.tn\/ar\/payment-success\/","title":{"rendered":"Payment Success"},"content":{"rendered":"","protected":false},"excerpt":{"rendered":"","protected":false},"author":1,"featured_media":0,"parent":0,"menu_order":0,"comment_status":"closed","ping_status":"closed","template":"templates\/template-payment-thankyou.php","meta":{"footnotes":""},"class_list":["post-144","page","type-page","status-publish","hentry"],"yoast_head":"<!-- This site is optimized with the Yoast SEO plugin v27.3 - https:\/\/yoast.com\/product\/yoast-seo-wordpress\/ -->\n<title>Payment Success - Autisme Professionnels Tunisie<\/title>\n<meta name=\"robots\" content=\"index, follow, max-snippet:-1, max-image-preview:large, max-video-preview:-1\" \/>\n<link rel=\"canonical\" href=\"https:\/\/autisme-professionnels-tunisie.tn\/ar\/payment-success\/\" \/>\n<meta property=\"og:locale\" content=\"ar_AR\" \/>\n<meta property=\"og:type\" content=\"article\" \/>\n<meta property=\"og:title\" content=\"Payment Success - Autisme Professionnels Tunisie\" \/>\n<meta property=\"og:url\" content=\"https:\/\/autisme-professionnels-tunisie.tn\/ar\/payment-success\/\" \/>\n<meta property=\"og:site_name\" content=\"Autisme Professionnels Tunisie\" \/>\n<meta property=\"og:image\" content=\"https:\/\/autisme-professionnels-tunisie.tn\/wp-content\/uploads\/2022\/10\/SidiBouHeader.jpg\" \/>\n\t<meta property=\"og:image:width\" content=\"1920\" \/>\n\t<meta property=\"og:image:height\" content=\"1280\" \/>\n\t<meta property=\"og:image:type\" content=\"image\/jpeg\" \/>\n<meta name=\"twitter:card\" content=\"summary_large_image\" \/>\n<script type=\"application\/ld+json\" class=\"yoast-schema-graph\">{\"@context\":\"https:\\\/\\\/schema.org\",\"@graph\":[{\"@type\":\"WebPage\",\"@id\":\"https:\\\/\\\/autisme-professionnels-tunisie.tn\\\/payment-success\\\/\",\"url\":\"https:\\\/\\\/autisme-professionnels-tunisie.tn\\\/payment-success\\\/\",\"name\":\"Payment Success - Autisme Professionnels Tunisie\",\"isPartOf\":{\"@id\":\"https:\\\/\\\/autisme-professionnels-tunisie.tn\\\/#website\"},\"datePublished\":\"2020-01-01T12:48:33+00:00\",\"breadcrumb\":{\"@id\":\"https:\\\/\\\/autisme-professionnels-tunisie.tn\\\/payment-success\\\/#breadcrumb\"},\"inLanguage\":\"ar\",\"potentialAction\":[{\"@type\":\"ReadAction\",\"target\":[\"https:\\\/\\\/autisme-professionnels-tunisie.tn\\\/payment-success\\\/\"]}]},{\"@type\":\"BreadcrumbList\",\"@id\":\"https:\\\/\\\/autisme-professionnels-tunisie.tn\\\/payment-success\\\/#breadcrumb\",\"itemListElement\":[{\"@type\":\"ListItem\",\"position\":1,\"name\":\"Home\",\"item\":\"https:\\\/\\\/autisme-professionnels-tunisie.tn\\\/\"},{\"@type\":\"ListItem\",\"position\":2,\"name\":\"Payment Success\"}]},{\"@type\":\"WebSite\",\"@id\":\"https:\\\/\\\/autisme-professionnels-tunisie.tn\\\/#website\",\"url\":\"https:\\\/\\\/autisme-professionnels-tunisie.tn\\\/\",\"name\":\"Autisme Professionnels Tunisie\",\"description\":\"Annuaire des professionnels en Tunisie\",\"publisher\":{\"@id\":\"https:\\\/\\\/autisme-professionnels-tunisie.tn\\\/#organization\"},\"alternateName\":\"Annuaire tunisie pour l'autisme est un espace d'information et d'orientation d\u00e9di\u00e9 aux personnes avec autisme et \u00e0 leurs familles.\",\"potentialAction\":[{\"@type\":\"SearchAction\",\"target\":{\"@type\":\"EntryPoint\",\"urlTemplate\":\"https:\\\/\\\/autisme-professionnels-tunisie.tn\\\/?s={search_term_string}\"},\"query-input\":{\"@type\":\"PropertyValueSpecification\",\"valueRequired\":true,\"valueName\":\"search_term_string\"}}],\"inLanguage\":\"ar\"},{\"@type\":\"Organization\",\"@id\":\"https:\\\/\\\/autisme-professionnels-tunisie.tn\\\/#organization\",\"name\":\"Autisme Professionnels Tunisie\",\"alternateName\":\"Annuaire tunisie pour l'autisme est un espace d'information et d'orientation d\u00e9di\u00e9 aux personnes avec autisme et \u00e0 leurs familles.\",\"url\":\"https:\\\/\\\/autisme-professionnels-tunisie.tn\\\/\",\"logo\":{\"@type\":\"ImageObject\",\"inLanguage\":\"ar\",\"@id\":\"https:\\\/\\\/autisme-professionnels-tunisie.tn\\\/#\\\/schema\\\/logo\\\/image\\\/\",\"url\":\"https:\\\/\\\/autisme-professionnels-tunisie.tn\\\/wp-content\\\/uploads\\\/2022\\\/08\\\/cropped-Logo-2-icon-e1659888209777.png\",\"contentUrl\":\"https:\\\/\\\/autisme-professionnels-tunisie.tn\\\/wp-content\\\/uploads\\\/2022\\\/08\\\/cropped-Logo-2-icon-e1659888209777.png\",\"width\":128,\"height\":128,\"caption\":\"Autisme Professionnels Tunisie\"},\"image\":{\"@id\":\"https:\\\/\\\/autisme-professionnels-tunisie.tn\\\/#\\\/schema\\\/logo\\\/image\\\/\"}}]}<\/script>\n<!-- \/ Yoast SEO plugin. -->","yoast_head_json":{"title":"Payment Success - Autisme Professionnels Tunisie","robots":{"index":"index","follow":"follow","max-snippet":"max-snippet:-1","max-image-preview":"max-image-preview:large","max-video-preview":"max-video-preview:-1"},"canonical":"https:\/\/autisme-professionnels-tunisie.tn\/ar\/payment-success\/","og_locale":"ar_AR","og_type":"article","og_title":"Payment Success - Autisme Professionnels Tunisie","og_url":"https:\/\/autisme-professionnels-tunisie.tn\/ar\/payment-success\/","og_site_name":"Autisme Professionnels Tunisie","og_image":[{"width":1920,"height":1280,"url":"https:\/\/autisme-professionnels-tunisie.tn\/wp-content\/uploads\/2022\/10\/SidiBouHeader.jpg","type":"image\/jpeg"}],"twitter_card":"summary_large_image","schema":{"@context":"https:\/\/schema.org","@graph":[{"@type":"WebPage","@id":"https:\/\/autisme-professionnels-tunisie.tn\/payment-success\/","url":"https:\/\/autisme-professionnels-tunisie.tn\/payment-success\/","name":"Payment Success - Autisme Professionnels Tunisie","isPartOf":{"@id":"https:\/\/autisme-professionnels-tunisie.tn\/#website"},"datePublished":"2020-01-01T12:48:33+00:00","breadcrumb":{"@id":"https:\/\/autisme-professionnels-tunisie.tn\/payment-success\/#breadcrumb"},"inLanguage":"ar","potentialAction":[{"@type":"ReadAction","target":["https:\/\/autisme-professionnels-tunisie.tn\/payment-success\/"]}]},{"@type":"BreadcrumbList","@id":"https:\/\/autisme-professionnels-tunisie.tn\/payment-success\/#breadcrumb","itemListElement":[{"@type":"ListItem","position":1,"name":"Home","item":"https:\/\/autisme-professionnels-tunisie.tn\/"},{"@type":"ListItem","position":2,"name":"Payment Success"}]},{"@type":"WebSite","@id":"https:\/\/autisme-professionnels-tunisie.tn\/#website","url":"https:\/\/autisme-professionnels-tunisie.tn\/","name":"Autisme Professionnels Tunisie","description":"Annuaire des professionnels en Tunisie","publisher":{"@id":"https:\/\/autisme-professionnels-tunisie.tn\/#organization"},"alternateName":"Annuaire tunisie pour l'autisme est un espace d'information et d'orientation d\u00e9di\u00e9 aux personnes avec autisme et \u00e0 leurs familles.","potentialAction":[{"@type":"SearchAction","target":{"@type":"EntryPoint","urlTemplate":"https:\/\/autisme-professionnels-tunisie.tn\/?s={search_term_string}"},"query-input":{"@type":"PropertyValueSpecification","valueRequired":true,"valueName":"search_term_string"}}],"inLanguage":"ar"},{"@type":"Organization","@id":"https:\/\/autisme-professionnels-tunisie.tn\/#organization","name":"Autisme Professionnels Tunisie","alternateName":"Annuaire tunisie pour l'autisme est un espace d'information et d'orientation d\u00e9di\u00e9 aux personnes avec autisme et \u00e0 leurs familles.","url":"https:\/\/autisme-professionnels-tunisie.tn\/","logo":{"@type":"ImageObject","inLanguage":"ar","@id":"https:\/\/autisme-professionnels-tunisie.tn\/#\/schema\/logo\/image\/","url":"https:\/\/autisme-professionnels-tunisie.tn\/wp-content\/uploads\/2022\/08\/cropped-Logo-2-icon-e1659888209777.png","contentUrl":"https:\/\/autisme-professionnels-tunisie.tn\/wp-content\/uploads\/2022\/08\/cropped-Logo-2-icon-e1659888209777.png","width":128,"height":128,"caption":"Autisme Professionnels Tunisie"},"image":{"@id":"https:\/\/autisme-professionnels-tunisie.tn\/#\/schema\/logo\/image\/"}}]}},"_links":{"self":[{"href":"https:\/\/autisme-professionnels-tunisie.tn\/ar\/wp-json\/wp\/v2\/pages\/144","targetHints":{"allow":["GET"]}}],"collection":[{"href":"https:\/\/autisme-professionnels-tunisie.tn\/ar\/wp-json\/wp\/v2\/pages"}],"about":[{"href":"https:\/\/autisme-professionnels-tunisie.tn\/ar\/wp-json\/wp\/v2\/types\/page"}],"author":[{"embeddable":true,"href":"https:\/\/autisme-professionnels-tunisie.tn\/ar\/wp-json\/wp\/v2\/users\/1"}],"replies":[{"embeddable":true,"href":"https:\/\/autisme-professionnels-tunisie.tn\/ar\/wp-json\/wp\/v2\/comments?post=144"}],"version-history":[{"count":0,"href":"https:\/\/autisme-professionnels-tunisie.tn\/ar\/wp-json\/wp\/v2\/pages\/144\/revisions"}],"wp:attachment":[{"href":"https:\/\/autisme-professionnels-tunisie.tn\/ar\/wp-json\/wp\/v2\/media?parent=144"}],"curies":[{"name":"wp","href":"https:\/\/api.w.org\/{rel}","templated":true}]}}